{"id":436,"date":"2025-03-24T13:03:23","date_gmt":"2025-03-24T13:03:23","guid":{"rendered":"https:\/\/hobbywing.at\/?page_id=436"},"modified":"2025-04-09T16:56:45","modified_gmt":"2025-04-09T16:56:45","slug":"varnostne-smernice","status":"publish","type":"page","link":"https:\/\/hobbywing.at\/de\/podpora\/varnostne-smernice\/","title":{"rendered":"Leitlinien zur Sicherheit"},"content":{"rendered":"<div data-elementor-type=\"wp-page\" data-elementor-id=\"436\" class=\"elementor elementor-436\">\n\t\t\t\t\t\t<section class=\"elementor-section elementor-top-section elementor-element elementor-element-611bfa46 elementor-section-boxed elementor-section-height-default elementor-section-height-default\" data-id=\"611bfa46\" data-element_type=\"section\" data-settings=\"{&quot;background_background&quot;:&quot;classic&quot;,&quot;shape_divider_bottom&quot;:&quot;triangle-asymmetrical&quot;}\">\n\t\t\t\t\t\t\t<div class=\"elementor-background-overlay\"><\/div>\n\t\t\t\t\t\t<div class=\"elementor-shape elementor-shape-bottom\" data-negative=\"false\">\n\t\t\t<svg xmlns=\"http:\/\/www.w3.org\/2000\/svg\" viewbox=\"0 0 1000 100\" preserveaspectratio=\"none\">\n\t<path class=\"elementor-shape-fill\" d=\"M738,99l262-93V0H0v5.6L738,99z\"\/>\n<\/svg>\t\t<\/div>\n\t\t\t\t\t<div class=\"elementor-container elementor-column-gap-default\">\n\t\t\t\t\t<div class=\"elementor-column elementor-col-100 elementor-top-column elementor-element elementor-element-475b178b\" data-id=\"475b178b\" data-element_type=\"column\">\n\t\t\t<div class=\"elementor-widget-wrap elementor-element-populated\">\n\t\t\t\t\t\t<div class=\"elementor-element elementor-element-1c00137e elementor-widget elementor-widget-jkit_heading\" data-id=\"1c00137e\" data-element_type=\"widget\" data-widget_type=\"jkit_heading.default\">\n\t\t\t\t<div class=\"elementor-widget-container\">\n\t\t\t\t\t<div  class=\"jeg-elementor-kit jkit-heading  align- align-tablet- align-mobile- jeg_module___69f76917a2a5a\" ><div class=\"heading-section-title  display-inline-block\"><h1 class=\"heading-title\">Navodila za uporabo<\/h1><\/div><div class=\"heading-section-description\"><p>Pred uporabo tega izdelka natan\u010dno preberite ta uporabni\u0161ki priro\u010dnik in v celoti razumite vse varnostne smernice, funkcije ter postopke uporabe.<\/p><\/div><\/div>\t\t\t\t<\/div>\n\t\t\t\t<\/div>\n\t\t\t\t<div class=\"elementor-element elementor-element-1672ef63 elementor-icon-list--layout-inline elementor-align-left elementor-list-item-link-full_width elementor-widget elementor-widget-icon-list\" data-id=\"1672ef63\" data-element_type=\"widget\" data-widget_type=\"icon-list.default\">\n\t\t\t\t<div class=\"elementor-widget-container\">\n\t\t\t\t\t\t\t<ul class=\"elementor-icon-list-items elementor-inline-items\">\n\t\t\t\t\t\t\t<li class=\"elementor-icon-list-item elementor-inline-item\">\n\t\t\t\t\t\t\t\t\t\t\t<a href=\"https:\/\/hobbywing.at\/de\/\">\n\n\t\t\t\t\t\t\t\t\t\t\t<span class=\"elementor-icon-list-text\">Domov<\/span>\n\t\t\t\t\t\t\t\t\t\t\t<\/a>\n\t\t\t\t\t\t\t\t\t<\/li>\n\t\t\t\t\t\t\t\t<li class=\"elementor-icon-list-item elementor-inline-item\">\n\t\t\t\t\t\t\t\t\t\t\t<a href=\"https:\/\/hobbywing.at\/de\/podpora\/\">\n\n\t\t\t\t\t\t\t\t\t\t\t\t<span class=\"elementor-icon-list-icon\">\n\t\t\t\t\t\t\t<i aria-hidden=\"true\" class=\"jki jki-slash-solid\"><\/i>\t\t\t\t\t\t<\/span>\n\t\t\t\t\t\t\t\t\t\t<span class=\"elementor-icon-list-text\">Unterst\u00fctzung<\/span>\n\t\t\t\t\t\t\t\t\t\t\t<\/a>\n\t\t\t\t\t\t\t\t\t<\/li>\n\t\t\t\t\t\t\t\t<li class=\"elementor-icon-list-item elementor-inline-item\">\n\t\t\t\t\t\t\t\t\t\t\t<a href=\"https:\/\/hobbywing.at\/de\/podpora\/varnostne-smernice\/\">\n\n\t\t\t\t\t\t\t\t\t\t\t\t<span class=\"elementor-icon-list-icon\">\n\t\t\t\t\t\t\t<i aria-hidden=\"true\" class=\"jki jki-slash-solid\"><\/i>\t\t\t\t\t\t<\/span>\n\t\t\t\t\t\t\t\t\t\t<span class=\"elementor-icon-list-text\">Leitlinien zur Sicherheit<\/span>\n\t\t\t\t\t\t\t\t\t\t\t<\/a>\n\t\t\t\t\t\t\t\t\t<\/li>\n\t\t\t\t\t\t<\/ul>\n\t\t\t\t\t\t<\/div>\n\t\t\t\t<\/div>\n\t\t\t\t\t<\/div>\n\t\t<\/div>\n\t\t\t\t\t<\/div>\n\t\t<\/section>\n\t\t<div class=\"elementor-element elementor-element-4b92c39c e-flex e-con-boxed e-con e-parent\" data-id=\"4b92c39c\" data-element_type=\"container\">\n\t\t\t\t\t<div class=\"e-con-inner\">\n\t\t\t\t<div class=\"elementor-element elementor-element-75828357 elementor-widget elementor-widget-jkit_heading\" data-id=\"75828357\" data-element_type=\"widget\" data-widget_type=\"jkit_heading.default\">\n\t\t\t\t<div class=\"elementor-widget-container\">\n\t\t\t\t\t<div  class=\"jeg-elementor-kit jkit-heading  align-center align-tablet- align-mobile- jeg_module__1_69f76917af2cc\" ><div class=\"heading-section-title  display-inline-block\"><h2 class=\"heading-title\">Varnostni ukrepi<\/h2><\/div><div class=\"heading-section-description\"><\/div><\/div>\t\t\t\t<\/div>\n\t\t\t\t<\/div>\n\t\t\t\t<div class=\"elementor-element elementor-element-41a4eb8a elementor-widget elementor-widget-text-editor\" data-id=\"41a4eb8a\" data-element_type=\"widget\" data-widget_type=\"text-editor.default\">\n\t\t\t\t<div class=\"elementor-widget-container\">\n\t\t\t\t\t\t\t\t\t<p><strong>Navodila pred uporabo<\/strong><\/p><p>Pred uporabo izdelka se prepri\u010dajte, da vodoodporni deli (kot so konektorji, baterije, glave jambora) niso po\u0161kodovani in da ima baterija dovolj napolnjenosti. Preverite, ali je pogonski sistem trdno priklju\u010den, baterija pravilno name\u0161\u010dena in vsi povezovalni vijaki priviti. Preverite, ali sta propeler in za\u0161\u010ditni pokrov nepo\u0161kodovana in brez razpok ter pazljivo odstranite ves pesek ali ostale ne\u010disto\u010de. Pred uporabo se prepri\u010dajte, da nobena enota izdelka ni po\u0161kodovana in da deluje brezhibno. Pred uporabo si obvezno preberite lokalne predpise glede dovoljenosti uporabe elektri\u010dnih hidrofoil desk.<\/p><ul><li>Prepri\u010dajte se, da je uporaba elektri\u010dnih hidrofoilov v izbranem obmo\u010dju dovoljena.<\/li><li>Poskrbite, da je globina vode vsaj 5 metrov.<\/li><li>Obmo\u010dje mora biti prosto vseh ovir nad in pod vodo.<\/li><li>Prepri\u010dajte se, da v obmo\u010dju ni plavalcev ali potaplja\u010dev.<\/li><li>Izogibajte se vodam, kjer potekajo druge vodne aktivnosti.<\/li><\/ul>\t\t\t\t\t\t\t\t<\/div>\n\t\t\t\t<\/div>\n\t\t\t\t\t<\/div>\n\t\t\t\t<\/div>\n\t\t<div class=\"elementor-element elementor-element-e732716 e-flex e-con-boxed e-con e-parent\" data-id=\"e732716\" data-element_type=\"container\">\n\t\t\t\t\t<div class=\"e-con-inner\">\n\t\t\t\t<div class=\"elementor-element elementor-element-5ea1d2d elementor-widget elementor-widget-jkit_heading\" data-id=\"5ea1d2d\" data-element_type=\"widget\" data-widget_type=\"jkit_heading.default\">\n\t\t\t\t<div class=\"elementor-widget-container\">\n\t\t\t\t\t<div  class=\"jeg-elementor-kit jkit-heading  align-center align-tablet- align-mobile- jeg_module__2_69f76917b06ed\" ><div class=\"heading-section-title  display-inline-block\"><h2 class=\"heading-title\">Koraki uporabe<\/h2><\/div><div class=\"heading-section-description\"><\/div><\/div>\t\t\t\t<\/div>\n\t\t\t\t<\/div>\n\t\t\t\t<div class=\"elementor-element elementor-element-0cb3c96 elementor-widget elementor-widget-text-editor\" data-id=\"0cb3c96\" data-element_type=\"widget\" data-widget_type=\"text-editor.default\">\n\t\t\t\t<div class=\"elementor-widget-container\">\n\t\t\t\t\t\t\t\t\t<p><strong>1. Prevoz deske<\/strong><br \/>Desko prenesite do obmo\u010dja z ustrezno globino vode. Med transportom naj bo daljinski upravljalnik izklopljen.<\/p><p><strong>2. Vklop<\/strong><br \/>Pritisnite in dr\u017eite levi in desni gumb na daljinskem upravljalniku hkrati. Po 2 sekundah se bo naprava vklju\u010dila. Pet indikatorjev baterije bo za\u010delo svetiti zaporedno z 1-sekundnim zamikom. Po 2 sekundah bo prikazana trenutna napolnjenost.<\/p><p><strong>3. Vstop na desko<\/strong><br \/>Primite ro\u010daje na obeh straneh, sko\u010dite na desko iz zadnjega dela in lezite nanjo. Prilagodite polo\u017eaj telesa za ravnote\u017eje. Pazite, da z nogami ne udarite v krila ali propeler.<\/p><p><strong>4. Odklepanje zagona<\/strong><br \/>Pritisnite in dr\u017eite desni gumb na daljinskem upravljalniku. Po\u010dasi povlecite spro\u017eilec \u2013 deska za\u010dne pospe\u0161evati. Ko se prednji del za\u010dne dvigovati, se pomaknite naprej, dokler ni deska vzporedna z vodno gladino.<\/p><p><strong>5. Vadba pri nizki hitrosti<\/strong><br \/>Ostanite le\u017ee na deski in vadite pri nizki hitrosti (za\u010detnikom priporo\u010damo 1. prestavo, najve\u010d 8. prestava). Zavijanje izvajate s premikom te\u017ei\u0161\u010da telesa. Ko obvladate osnove, preidite na naslednjo fazo.<\/p><p><strong>6. Stoje\u010da vo\u017enja<\/strong><br \/>Postopno pove\u010dajte prestavo, preidite v kle\u010de\u010di polo\u017eaj, nato pa v stoje\u010dega. Kolena naj bodo rahlo pokr\u010dena. Z uravnavanjem te\u017ei\u0161\u010da ohranjajte ravnote\u017eje. Zavijanje izvajate s premikom te\u017ei\u0161\u010da v levo\/desno.<\/p><p><strong>7. Vo\u017enja nad vodo<\/strong><br \/>Ob nadaljnjem pove\u010devanju hitrosti krila ustvarijo dovolj vzgona, da se deska dvigne iz vode. Nagib prednjega dela omogo\u010da vzlet, nato pa mora uporabnik uravnote\u017eiti te\u017ei\u0161\u010de za vzdr\u017eevanje konstantne vi\u0161ine. Zavijate lahko s premikom te\u017ei\u0161\u010da.<\/p>\t\t\t\t\t\t\t\t<\/div>\n\t\t\t\t<\/div>\n\t\t\t\t\t<\/div>\n\t\t\t\t<\/div>\n\t\t<div class=\"elementor-element elementor-element-b8f42ad e-flex e-con-boxed e-con e-parent\" data-id=\"b8f42ad\" data-element_type=\"container\">\n\t\t\t\t\t<div class=\"e-con-inner\">\n\t\t\t\t<div class=\"elementor-element elementor-element-a59eeb7 elementor-widget elementor-widget-jkit_heading\" data-id=\"a59eeb7\" data-element_type=\"widget\" data-widget_type=\"jkit_heading.default\">\n\t\t\t\t<div class=\"elementor-widget-container\">\n\t\t\t\t\t<div  class=\"jeg-elementor-kit jkit-heading  align-center align-tablet- align-mobile- jeg_module__3_69f76917b1642\" ><div class=\"heading-section-title  display-inline-block\"><h2 class=\"heading-title\">Opombe pri vo\u017enji<\/h2><\/div><div class=\"heading-section-description\"><\/div><\/div>\t\t\t\t<\/div>\n\t\t\t\t<\/div>\n\t\t\t\t<div class=\"elementor-element elementor-element-7054c2d elementor-widget elementor-widget-text-editor\" data-id=\"7054c2d\" data-element_type=\"widget\" data-widget_type=\"text-editor.default\">\n\t\t\t\t<div class=\"elementor-widget-container\">\n\t\t\t\t\t\t\t\t\t<ul><li>Vedno nosite re\u0161ilni jopi\u010d in \u010delado.<\/li><li>\u010ce izgubite ravnote\u017eje, se poskusite oddaljiti od deske. Vedno padejte za ali ob desko.<\/li><li>Spustite spro\u017eilec takoj, ko padate.<\/li><li>Sprednji del deske naj bo \u010dim bolj iz vode za dober signal.<\/li><li>Ne vlecite premo\u010dno za spro\u017eilec.<\/li><li>Po padcu pazite, da spro\u017eilec ni aktiviran, ko plavate nazaj.<\/li><li>Hitrost uravnavajte z menjavo prestav, ne z mo\u010djo pritiska na spro\u017eilec.<\/li><li>Ne zavijajte prehitro.<\/li><li>\u010ce se deska prehitro dvigne, pomaknite nogi rahlo naprej.<\/li><li>Za\u010detnikom priporo\u010damo dalj\u0161e vaje pri nizkih hitrostih pred dvigom nad vodo.<\/li><\/ul>\t\t\t\t\t\t\t\t<\/div>\n\t\t\t\t<\/div>\n\t\t\t\t\t<\/div>\n\t\t\t\t<\/div>\n\t\t<div class=\"elementor-element elementor-element-aaba9b5 e-flex e-con-boxed e-con e-parent\" data-id=\"aaba9b5\" data-element_type=\"container\">\n\t\t\t\t\t<div class=\"e-con-inner\">\n\t\t\t\t<div class=\"elementor-element elementor-element-fcf01bc elementor-widget elementor-widget-jkit_heading\" data-id=\"fcf01bc\" data-element_type=\"widget\" data-widget_type=\"jkit_heading.default\">\n\t\t\t\t<div class=\"elementor-widget-container\">\n\t\t\t\t\t<div  class=\"jeg-elementor-kit jkit-heading  align-center align-tablet- align-mobile- jeg_module__4_69f76917b24f3\" ><div class=\"heading-section-title  display-inline-block\"><h2 class=\"heading-title\">Opozorila \u2013 pogonski sistem<\/h2><\/div><div class=\"heading-section-description\"><\/div><\/div>\t\t\t\t<\/div>\n\t\t\t\t<\/div>\n\t\t\t\t<div class=\"elementor-element elementor-element-76f29a4 elementor-widget elementor-widget-text-editor\" data-id=\"76f29a4\" data-element_type=\"widget\" data-widget_type=\"text-editor.default\">\n\t\t\t\t<div class=\"elementor-widget-container\">\n\t\t\t\t\t\t\t\t\t<ul><li>Ne odstranjujte za\u0161\u010ditnega pokrova propelerja.<\/li><li>Ne dotikajte se propelerja v vodi.<\/li><li>Pred uporabo preverite, da ni po\u0161kodb, in odstranite ves pesek ali tujke.<\/li><li>Ko je sistem vklopljen ali v vodi, se ne dotikajte propelerja, jambora ali kril.<\/li><li>Pred vzdr\u017eevanjem propelerja vedno izklopite napajanje.<\/li><\/ul>\t\t\t\t\t\t\t\t<\/div>\n\t\t\t\t<\/div>\n\t\t\t\t\t<\/div>\n\t\t\t\t<\/div>\n\t\t<div class=\"elementor-element elementor-element-ece2936 e-flex e-con-boxed e-con e-parent\" data-id=\"ece2936\" data-element_type=\"container\">\n\t\t\t\t\t<div class=\"e-con-inner\">\n\t\t\t\t<div class=\"elementor-element elementor-element-36ec33b elementor-widget elementor-widget-jkit_heading\" data-id=\"36ec33b\" data-element_type=\"widget\" data-widget_type=\"jkit_heading.default\">\n\t\t\t\t<div class=\"elementor-widget-container\">\n\t\t\t\t\t<div  class=\"jeg-elementor-kit jkit-heading  align-center align-tablet- align-mobile- jeg_module__5_69f76917b3380\" ><div class=\"heading-section-title  display-inline-block\"><h2 class=\"heading-title\">Opozorila \u2013 baterija<\/h2><\/div><div class=\"heading-section-description\"><\/div><\/div>\t\t\t\t<\/div>\n\t\t\t\t<\/div>\n\t\t\t\t<div class=\"elementor-element elementor-element-20ece9f elementor-widget elementor-widget-text-editor\" data-id=\"20ece9f\" data-element_type=\"widget\" data-widget_type=\"text-editor.default\">\n\t\t\t\t<div class=\"elementor-widget-container\">\n\t\t\t\t\t\t\t\t\t<ul><li>Ne razstavljajte ali spreminjajte baterije.<\/li><li>Ne preluknjajte, udarjajte ali deformirajte baterije.<\/li><li>Ne vstavljajte\/odstranjujte baterije v vodi.<\/li><li>Ne izpostavljajte baterije soncu, ognju ali visokim temperaturam.<\/li><li>Ne me\u0161ajte razli\u010dnih vrst baterij.<\/li><li>Ne uporabljajte po\u0161kodovanih ali predelanih baterij\/polnilcev.<\/li><li>Ne pu\u0161\u010dajte baterije v polnilcu ve\u010d kot 24 ur.<\/li><li>Ne povezujte napa\u010dnih polov baterije.<\/li><li>Ne pu\u0161\u010dajte baterije brez nadzora med polnjenjem.<\/li><li>Ne preva\u017eajte deske z vstavljeno baterijo.<\/li><li>Ne polagajte te\u017ekih predmetov na baterijo\/polnilec.<\/li><li>Ne zavrzite baterije nepremi\u0161ljeno.<\/li><li>Hranite baterijo izven dosega otrok in \u017eivali.<\/li><li>Hranite jo na hladnem, suhem in zra\u010denem mestu.<\/li><li>Za dolgoro\u010dno shranjevanje naj bo napolnjenost med 40\u201360 %.<\/li><li>Pred vsako uporabo preverite stanje baterije.<\/li><li>Vmesnik med baterijo in jamborom naj bo \u010dist in suh.<\/li><li>Po uporabi baterijo sperite s \u010disto sladko vodo.<\/li><li>Vedno uporabljajte originalni polnilec.<\/li><li>Z baterijami ravnajte v skladu z lokalnimi predpisi.<\/li><\/ul>\t\t\t\t\t\t\t\t<\/div>\n\t\t\t\t<\/div>\n\t\t\t\t\t<\/div>\n\t\t\t\t<\/div>\n\t\t<div class=\"elementor-element elementor-element-8a92cbb e-flex e-con-boxed e-con e-parent\" data-id=\"8a92cbb\" data-element_type=\"container\">\n\t\t\t\t\t<div class=\"e-con-inner\">\n\t\t\t\t<div class=\"elementor-element elementor-element-5948374 elementor-widget elementor-widget-jkit_heading\" data-id=\"5948374\" data-element_type=\"widget\" data-widget_type=\"jkit_heading.default\">\n\t\t\t\t<div class=\"elementor-widget-container\">\n\t\t\t\t\t<div  class=\"jeg-elementor-kit jkit-heading  align-center align-tablet- align-mobile- jeg_module__6_69f76917b4279\" ><div class=\"heading-section-title  display-inline-block\"><h2 class=\"heading-title\">Navodila po uporabi<\/h2><\/div><div class=\"heading-section-description\"><\/div><\/div>\t\t\t\t<\/div>\n\t\t\t\t<\/div>\n\t\t\t\t<div class=\"elementor-element elementor-element-3b3ca9d elementor-widget elementor-widget-text-editor\" data-id=\"3b3ca9d\" data-element_type=\"widget\" data-widget_type=\"text-editor.default\">\n\t\t\t\t<div class=\"elementor-widget-container\">\n\t\t\t\t\t\t\t\t\t<ol><li>Za izklop pritisnite in dr\u017eite levi in desni gumb na daljinskem upravljalniku za 2 sekundi. Vsi indikatorji bodo za\u017eareli, nato se bodo postopoma ugasnili, kar pomeni, da je deska izklopljena.<br \/><br \/><\/li><li>Odstranite desko iz vode, odvijte \u0161tiri zaklepne vijake in odstranite baterijo.<br \/><br \/><\/li><li>S klju\u010dem odvijte sprednje in zadnje krilo ter odstranite krila.<br \/><br \/><\/li><li>Odvijte vijake jambora in odstranite jambor.<br \/><br \/><\/li><li>Sperite pesek in prah z deske in komponent s \u010disto sladko vodo.<br \/><br \/><\/li><li>\u010ce pride do te\u017eave, prenehajte z uporabo, lezite na desko in veslajte do obale. Te\u017eavo odpravite pred ponovnim zagonom. \u010ce te\u017eave ne morete re\u0161iti sami, se obrnite na servis Hobbywing.<\/li><\/ol>\t\t\t\t\t\t\t\t<\/div>\n\t\t\t\t<\/div>\n\t\t\t\t\t<\/div>\n\t\t\t\t<\/div>\n\t\t\t\t<\/div>","protected":false},"excerpt":{"rendered":"<p>Navodila za uporabo Pred uporabo tega izdelka natan\u010dno preberite ta uporabni\u0161ki priro\u010dnik in v celoti razumite vse varnostne smernice, funkcije [&hellip;]<\/p>","protected":false},"author":1,"featured_media":0,"parent":236,"menu_order":0,"comment_status":"closed","ping_status":"closed","template":"","meta":{"site-sidebar-layout":"no-sidebar","site-content-layout":"","ast-site-content-layout":"full-width-container","site-content-style":"default","site-sidebar-style":"default","ast-global-header-display":"","ast-banner-title-visibility":"","ast-main-header-display":"","ast-hfb-above-header-display":"","ast-hfb-below-header-display":"","ast-hfb-mobile-header-display":"","site-post-title":"disabled","ast-breadcrumbs-content":"","ast-featured-img":"disabled","footer-sml-layout":"","theme-transparent-header-meta":"","adv-header-id-meta":"","stick-header-meta":"","header-above-stick-meta":"","header-main-stick-meta":"","header-below-stick-meta":"","astra-migrate-meta-layouts":"default","ast-page-background-enabled":"default","ast-page-background-meta":{"desktop":{"background-color":"var(--ast-global-color-5)","background-image":"","background-repeat":"repeat","background-position":"center center","background-size":"auto","background-attachment":"scroll","background-type":"","background-media":"","overlay-type":"","overlay-color":"","overlay-opacity":"","overlay-gradient":""},"tablet":{"background-color":"","background-image":"","background-repeat":"repeat","background-position":"center center","background-size":"auto","background-attachment":"scroll","background-type":"","background-media":"","overlay-type":"","overlay-color":"","overlay-opacity":"","overlay-gradient":""},"mobile":{"background-color":"","background-image":"","background-repeat":"repeat","background-position":"center center","background-size":"auto","background-attachment":"scroll","background-type":"","background-media":"","overlay-type":"","overlay-color":"","overlay-opacity":"","overlay-gradient":""}},"ast-content-background-meta":{"desktop":{"background-color":"var(--ast-global-color-4)","background-image":"","background-repeat":"repeat","background-position":"center center","background-size":"auto","background-attachment":"scroll","background-type":"","background-media":"","overlay-type":"","overlay-color":"","overlay-opacity":"","overlay-gradient":""},"tablet":{"background-color":"var(--ast-global-color-4)","background-image":"","background-repeat":"repeat","background-position":"center center","background-size":"auto","background-attachment":"scroll","background-type":"","background-media":"","overlay-type":"","overlay-color":"","overlay-opacity":"","overlay-gradient":""},"mobile":{"background-color":"var(--ast-global-color-4)","background-image":"","background-repeat":"repeat","background-position":"center center","background-size":"auto","background-attachment":"scroll","background-type":"","background-media":"","overlay-type":"","overlay-color":"","overlay-opacity":"","overlay-gradient":""}},"footnotes":""},"class_list":["post-436","page","type-page","status-publish","hentry"],"_links":{"self":[{"href":"https:\/\/hobbywing.at\/de\/wp-json\/wp\/v2\/pages\/436","targetHints":{"allow":["GET"]}}],"collection":[{"href":"https:\/\/hobbywing.at\/de\/wp-json\/wp\/v2\/pages"}],"about":[{"href":"https:\/\/hobbywing.at\/de\/wp-json\/wp\/v2\/types\/page"}],"author":[{"embeddable":true,"href":"https:\/\/hobbywing.at\/de\/wp-json\/wp\/v2\/users\/1"}],"replies":[{"embeddable":true,"href":"https:\/\/hobbywing.at\/de\/wp-json\/wp\/v2\/comments?post=436"}],"version-history":[{"count":0,"href":"https:\/\/hobbywing.at\/de\/wp-json\/wp\/v2\/pages\/436\/revisions"}],"up":[{"embeddable":true,"href":"https:\/\/hobbywing.at\/de\/wp-json\/wp\/v2\/pages\/236"}],"wp:attachment":[{"href":"https:\/\/hobbywing.at\/de\/wp-json\/wp\/v2\/media?parent=436"}],"curies":[{"name":"wp","href":"https:\/\/api.w.org\/{rel}","templated":true}]}}